{"id":13,"date":"2025-09-29T13:45:23","date_gmt":"2025-09-29T13:45:23","guid":{"rendered":"https:\/\/panamericanomurcia.rkinformatika.online\/?page_id=13"},"modified":"2025-09-30T14:27:57","modified_gmt":"2025-09-30T14:27:57","slug":"servicios","status":"publish","type":"page","link":"https:\/\/panamericanomurcia.com\/en\/servicios\/","title":{"rendered":"Services"},"content":{"rendered":"<div data-elementor-type=\"wp-page\" data-elementor-id=\"13\" class=\"elementor elementor-13\" data-elementor-post-type=\"page\">\n\t\t\t\t<div class=\"elementor-element elementor-element-dfa1cf9 e-con-full e-flex e-con e-parent\" data-id=\"dfa1cf9\" data-element_type=\"container\" data-e-type=\"container\" data-settings=\"{&quot;background_background&quot;:&quot;classic&quot;}\">\n\t\t\t\t<\/div>\n\t\t<div class=\"elementor-element elementor-element-79d3bc58 e-flex e-con-boxed e-con e-parent\" data-id=\"79d3bc58\" data-element_type=\"container\" data-e-type=\"container\">\n\t\t\t\t\t<div class=\"e-con-inner\">\n\t\t\t\t<div class=\"elementor-element elementor-element-506eb465 elementor-widget elementor-widget-heading\" data-id=\"506eb465\" data-element_type=\"widget\" data-e-type=\"widget\" data-widget_type=\"heading.default\">\n\t\t\t\t\t<h2 class=\"elementor-heading-title elementor-size-default\">Services<\/h2>\t\t\t\t<\/div>\n\t\t\t\t<div class=\"elementor-element elementor-element-46570050 elementor-widget elementor-widget-text-editor\" data-id=\"46570050\" data-element_type=\"widget\" data-e-type=\"widget\" data-widget_type=\"text-editor.default\">\n\t\t\t\t\t\t\t\t\t<strong>Disfruta de los sabores aut\u00e9nticos de Bolivia<\/strong>\t\t\t\t\t\t\t\t<\/div>\n\t\t\t\t\t<\/div>\n\t\t\t\t<\/div>\n\t\t<div class=\"elementor-element elementor-element-d6474ff e-flex e-con-boxed e-con e-parent\" data-id=\"d6474ff\" data-element_type=\"container\" data-e-type=\"container\">\n\t\t\t\t\t<div class=\"e-con-inner\">\n\t\t<div class=\"elementor-element elementor-element-48f7afe0 e-con-full e-flex e-con e-child\" data-id=\"48f7afe0\" data-element_type=\"container\" data-e-type=\"container\">\n\t\t\t\t<div class=\"elementor-element elementor-element-48c808a0 elementor-widget elementor-widget-image\" data-id=\"48c808a0\" data-element_type=\"widget\" data-e-type=\"widget\" data-widget_type=\"image.default\">\n\t\t\t\t\t\t\t\t\t\t\t\t\t\t\t<img fetchpriority=\"high\" decoding=\"async\" width=\"1024\" height=\"1024\" src=\"https:\/\/panamericanomurcia.com\/wp-content\/uploads\/2025\/09\/close-up_of_bolivian_salteas_golden_and_juicy_baked_empanadas_filled_with_meat_vegetables_and_a_ric_hc1zv7xwh666peol1aci_3.png\" class=\"attachment-full size-full wp-image-145\" alt=\"\" srcset=\"https:\/\/panamericanomurcia.com\/wp-content\/uploads\/2025\/09\/close-up_of_bolivian_salteas_golden_and_juicy_baked_empanadas_filled_with_meat_vegetables_and_a_ric_hc1zv7xwh666peol1aci_3.png 1024w, https:\/\/panamericanomurcia.com\/wp-content\/uploads\/2025\/09\/close-up_of_bolivian_salteas_golden_and_juicy_baked_empanadas_filled_with_meat_vegetables_and_a_ric_hc1zv7xwh666peol1aci_3-300x300.png 300w, https:\/\/panamericanomurcia.com\/wp-content\/uploads\/2025\/09\/close-up_of_bolivian_salteas_golden_and_juicy_baked_empanadas_filled_with_meat_vegetables_and_a_ric_hc1zv7xwh666peol1aci_3-150x150.png 150w, https:\/\/panamericanomurcia.com\/wp-content\/uploads\/2025\/09\/close-up_of_bolivian_salteas_golden_and_juicy_baked_empanadas_filled_with_meat_vegetables_and_a_ric_hc1zv7xwh666peol1aci_3-768x768.png 768w, https:\/\/panamericanomurcia.com\/wp-content\/uploads\/2025\/09\/close-up_of_bolivian_salteas_golden_and_juicy_baked_empanadas_filled_with_meat_vegetables_and_a_ric_hc1zv7xwh666peol1aci_3-12x12.png 12w\" sizes=\"(max-width: 1024px) 100vw, 1024px\" \/>\t\t\t\t\t\t\t\t\t\t\t\t\t\t\t<\/div>\n\t\t\t\t<div class=\"elementor-element elementor-element-7e749523 elementor-widget elementor-widget-heading\" data-id=\"7e749523\" data-element_type=\"widget\" data-e-type=\"widget\" data-widget_type=\"heading.default\">\n\t\t\t\t\t<h2 class=\"elementor-heading-title elementor-size-default\">\ud83e\udd5f Salte\u00f1as Bolivianas<\/h2>\t\t\t\t<\/div>\n\t\t\t\t<div class=\"elementor-element elementor-element-3d5bd8f6 elementor-widget elementor-widget-text-editor\" data-id=\"3d5bd8f6\" data-element_type=\"widget\" data-e-type=\"widget\" data-widget_type=\"text-editor.default\">\n\t\t\t\t\t\t\t\t\t<p data-start=\"93\" data-end=\"250\">Deliciosas empanadillas t\u00edpicas de Bolivia, rellenas con ingredientes frescos y sabor aut\u00e9ntico.<\/p>\t\t\t\t\t\t\t\t<\/div>\n\t\t\t\t<\/div>\n\t\t<div class=\"elementor-element elementor-element-1b117653 e-con-full e-flex e-con e-child\" data-id=\"1b117653\" data-element_type=\"container\" data-e-type=\"container\">\n\t\t\t\t<div class=\"elementor-element elementor-element-678308a8 elementor-widget elementor-widget-image\" data-id=\"678308a8\" data-element_type=\"widget\" data-e-type=\"widget\" data-widget_type=\"image.default\">\n\t\t\t\t\t\t\t\t\t\t\t\t\t\t\t<img decoding=\"async\" width=\"1024\" height=\"1024\" src=\"https:\/\/panamericanomurcia.com\/wp-content\/uploads\/2025\/09\/assortment_of_bolivian_empanadas_different_fillings_like_chicken_beef_and_cheese_arranged_on_a_colo_8ouc5kz4qr30htq113xq_2.png\" class=\"attachment-full size-full wp-image-146\" alt=\"\" srcset=\"https:\/\/panamericanomurcia.com\/wp-content\/uploads\/2025\/09\/assortment_of_bolivian_empanadas_different_fillings_like_chicken_beef_and_cheese_arranged_on_a_colo_8ouc5kz4qr30htq113xq_2.png 1024w, https:\/\/panamericanomurcia.com\/wp-content\/uploads\/2025\/09\/assortment_of_bolivian_empanadas_different_fillings_like_chicken_beef_and_cheese_arranged_on_a_colo_8ouc5kz4qr30htq113xq_2-300x300.png 300w, https:\/\/panamericanomurcia.com\/wp-content\/uploads\/2025\/09\/assortment_of_bolivian_empanadas_different_fillings_like_chicken_beef_and_cheese_arranged_on_a_colo_8ouc5kz4qr30htq113xq_2-150x150.png 150w, https:\/\/panamericanomurcia.com\/wp-content\/uploads\/2025\/09\/assortment_of_bolivian_empanadas_different_fillings_like_chicken_beef_and_cheese_arranged_on_a_colo_8ouc5kz4qr30htq113xq_2-768x768.png 768w, https:\/\/panamericanomurcia.com\/wp-content\/uploads\/2025\/09\/assortment_of_bolivian_empanadas_different_fillings_like_chicken_beef_and_cheese_arranged_on_a_colo_8ouc5kz4qr30htq113xq_2-12x12.png 12w\" sizes=\"(max-width: 1024px) 100vw, 1024px\" \/>\t\t\t\t\t\t\t\t\t\t\t\t\t\t\t<\/div>\n\t\t\t\t<div class=\"elementor-element elementor-element-22bdb748 elementor-widget elementor-widget-heading\" data-id=\"22bdb748\" data-element_type=\"widget\" data-e-type=\"widget\" data-widget_type=\"heading.default\">\n\t\t\t\t\t<h2 class=\"elementor-heading-title elementor-size-default\">\ud83c\udf2e Variedad de Empanadas<\/h2>\t\t\t\t<\/div>\n\t\t\t\t<div class=\"elementor-element elementor-element-40b2975e elementor-widget elementor-widget-text-editor\" data-id=\"40b2975e\" data-element_type=\"widget\" data-e-type=\"widget\" data-widget_type=\"text-editor.default\">\n\t\t\t\t\t\t\t\t\t<p data-start=\"274\" data-end=\"445\">Diferentes tipos de empanadas bolivianas: carne, pollo, queso y combinaciones especiales, con masa crujiente y relleno jugoso.<\/p>\t\t\t\t\t\t\t\t<\/div>\n\t\t\t\t<\/div>\n\t\t<div class=\"elementor-element elementor-element-22c6f40b e-con-full e-flex e-con e-child\" data-id=\"22c6f40b\" data-element_type=\"container\" data-e-type=\"container\">\n\t\t\t\t<div class=\"elementor-element elementor-element-45762bea elementor-widget elementor-widget-image\" data-id=\"45762bea\" data-element_type=\"widget\" data-e-type=\"widget\" data-widget_type=\"image.default\">\n\t\t\t\t\t\t\t\t\t\t\t\t\t\t\t<img decoding=\"async\" width=\"800\" height=\"800\" src=\"https:\/\/panamericanomurcia.com\/wp-content\/uploads\/2025\/09\/traditional_bolivian_dish_on_a_plate_colorful_and_rich_ingredients_authentic_preparation_rustic_tab_ct1r7p854w401e6p0xwj_3.png\" class=\"attachment-large size-large wp-image-147\" alt=\"\" srcset=\"https:\/\/panamericanomurcia.com\/wp-content\/uploads\/2025\/09\/traditional_bolivian_dish_on_a_plate_colorful_and_rich_ingredients_authentic_preparation_rustic_tab_ct1r7p854w401e6p0xwj_3.png 1024w, https:\/\/panamericanomurcia.com\/wp-content\/uploads\/2025\/09\/traditional_bolivian_dish_on_a_plate_colorful_and_rich_ingredients_authentic_preparation_rustic_tab_ct1r7p854w401e6p0xwj_3-300x300.png 300w, https:\/\/panamericanomurcia.com\/wp-content\/uploads\/2025\/09\/traditional_bolivian_dish_on_a_plate_colorful_and_rich_ingredients_authentic_preparation_rustic_tab_ct1r7p854w401e6p0xwj_3-150x150.png 150w, https:\/\/panamericanomurcia.com\/wp-content\/uploads\/2025\/09\/traditional_bolivian_dish_on_a_plate_colorful_and_rich_ingredients_authentic_preparation_rustic_tab_ct1r7p854w401e6p0xwj_3-768x768.png 768w, https:\/\/panamericanomurcia.com\/wp-content\/uploads\/2025\/09\/traditional_bolivian_dish_on_a_plate_colorful_and_rich_ingredients_authentic_preparation_rustic_tab_ct1r7p854w401e6p0xwj_3-12x12.png 12w\" sizes=\"(max-width: 800px) 100vw, 800px\" \/>\t\t\t\t\t\t\t\t\t\t\t\t\t\t\t<\/div>\n\t\t\t\t<div class=\"elementor-element elementor-element-7fe4594d elementor-widget elementor-widget-heading\" data-id=\"7fe4594d\" data-element_type=\"widget\" data-e-type=\"widget\" data-widget_type=\"heading.default\">\n\t\t\t\t\t<h2 class=\"elementor-heading-title elementor-size-default\">\ud83c\udf72 Platos Tradicionales Bolivianos<\/h2>\t\t\t\t<\/div>\n\t\t\t\t<div class=\"elementor-element elementor-element-391d7ecf elementor-widget elementor-widget-text-editor\" data-id=\"391d7ecf\" data-element_type=\"widget\" data-e-type=\"widget\" data-widget_type=\"text-editor.default\">\n\t\t\t\t\t\t\t\t\t<p data-start=\"466\" data-end=\"598\">Cl\u00e1sicos de la gastronom\u00eda boliviana, preparados con t\u00e9cnicas tradicionales e ingredientes de calidad.<\/p>\t\t\t\t\t\t\t\t<\/div>\n\t\t\t\t<\/div>\n\t\t\t\t\t<\/div>\n\t\t\t\t<\/div>\n\t\t<div class=\"elementor-element elementor-element-3db7b91d e-flex e-con-boxed e-con e-parent\" data-id=\"3db7b91d\" data-element_type=\"container\" data-e-type=\"container\">\n\t\t\t\t\t<div class=\"e-con-inner\">\n\t\t<div class=\"elementor-element elementor-element-30e86806 e-con-full e-flex e-con e-child\" data-id=\"30e86806\" data-element_type=\"container\" data-e-type=\"container\">\n\t\t\t\t<div class=\"elementor-element elementor-element-428d47ed elementor-widget elementor-widget-image\" data-id=\"428d47ed\" data-element_type=\"widget\" data-e-type=\"widget\" data-widget_type=\"image.default\">\n\t\t\t\t\t\t\t\t\t\t\t\t\t\t\t<img loading=\"lazy\" decoding=\"async\" width=\"800\" height=\"800\" src=\"https:\/\/panamericanomurcia.com\/wp-content\/uploads\/2025\/09\/close-up_of_personalized_bolivian_dishes_a_few_small_plates_with_different_traditional_foods_beauti_a2fn91roh3b4h979fvb8_0.png\" class=\"attachment-large size-large wp-image-148\" alt=\"\" srcset=\"https:\/\/panamericanomurcia.com\/wp-content\/uploads\/2025\/09\/close-up_of_personalized_bolivian_dishes_a_few_small_plates_with_different_traditional_foods_beauti_a2fn91roh3b4h979fvb8_0.png 1024w, https:\/\/panamericanomurcia.com\/wp-content\/uploads\/2025\/09\/close-up_of_personalized_bolivian_dishes_a_few_small_plates_with_different_traditional_foods_beauti_a2fn91roh3b4h979fvb8_0-300x300.png 300w, https:\/\/panamericanomurcia.com\/wp-content\/uploads\/2025\/09\/close-up_of_personalized_bolivian_dishes_a_few_small_plates_with_different_traditional_foods_beauti_a2fn91roh3b4h979fvb8_0-150x150.png 150w, https:\/\/panamericanomurcia.com\/wp-content\/uploads\/2025\/09\/close-up_of_personalized_bolivian_dishes_a_few_small_plates_with_different_traditional_foods_beauti_a2fn91roh3b4h979fvb8_0-768x768.png 768w, https:\/\/panamericanomurcia.com\/wp-content\/uploads\/2025\/09\/close-up_of_personalized_bolivian_dishes_a_few_small_plates_with_different_traditional_foods_beauti_a2fn91roh3b4h979fvb8_0-12x12.png 12w\" sizes=\"(max-width: 800px) 100vw, 800px\" \/>\t\t\t\t\t\t\t\t\t\t\t\t\t\t\t<\/div>\n\t\t\t\t<div class=\"elementor-element elementor-element-5892f032 elementor-widget elementor-widget-heading\" data-id=\"5892f032\" data-element_type=\"widget\" data-e-type=\"widget\" data-widget_type=\"heading.default\">\n\t\t\t\t\t<h2 class=\"elementor-heading-title elementor-size-default\">\ud83c\udf89 Comidas Personalizadas<\/h2>\t\t\t\t<\/div>\n\t\t\t\t<div class=\"elementor-element elementor-element-656d397a elementor-widget elementor-widget-text-editor\" data-id=\"656d397a\" data-element_type=\"widget\" data-e-type=\"widget\" data-widget_type=\"text-editor.default\">\n\t\t\t\t\t\t\t\t\t<p data-start=\"624\" data-end=\"785\">Servicio de catering y pedidos para eventos, fiestas y reuniones, adaptando los platos a los gustos de los clientes.<\/p>\t\t\t\t\t\t\t\t<\/div>\n\t\t\t\t<\/div>\n\t\t<div class=\"elementor-element elementor-element-7eb5c88 e-con-full e-flex e-con e-child\" data-id=\"7eb5c88\" data-element_type=\"container\" data-e-type=\"container\">\n\t\t\t\t<div class=\"elementor-element elementor-element-7a3aab89 elementor-widget elementor-widget-image\" data-id=\"7a3aab89\" data-element_type=\"widget\" data-e-type=\"widget\" data-widget_type=\"image.default\">\n\t\t\t\t\t\t\t\t\t\t\t\t\t\t\t<img loading=\"lazy\" decoding=\"async\" width=\"800\" height=\"800\" src=\"https:\/\/panamericanomurcia.com\/wp-content\/uploads\/2025\/09\/selection_of_traditional_bolivian_desserts_colorful_and_sweet_treats_served_on_elegant_plates_detai_wipmhlxle3o2jweryot3_2.png\" class=\"attachment-large size-large wp-image-149\" alt=\"\" srcset=\"https:\/\/panamericanomurcia.com\/wp-content\/uploads\/2025\/09\/selection_of_traditional_bolivian_desserts_colorful_and_sweet_treats_served_on_elegant_plates_detai_wipmhlxle3o2jweryot3_2.png 1024w, https:\/\/panamericanomurcia.com\/wp-content\/uploads\/2025\/09\/selection_of_traditional_bolivian_desserts_colorful_and_sweet_treats_served_on_elegant_plates_detai_wipmhlxle3o2jweryot3_2-300x300.png 300w, https:\/\/panamericanomurcia.com\/wp-content\/uploads\/2025\/09\/selection_of_traditional_bolivian_desserts_colorful_and_sweet_treats_served_on_elegant_plates_detai_wipmhlxle3o2jweryot3_2-150x150.png 150w, https:\/\/panamericanomurcia.com\/wp-content\/uploads\/2025\/09\/selection_of_traditional_bolivian_desserts_colorful_and_sweet_treats_served_on_elegant_plates_detai_wipmhlxle3o2jweryot3_2-768x768.png 768w, https:\/\/panamericanomurcia.com\/wp-content\/uploads\/2025\/09\/selection_of_traditional_bolivian_desserts_colorful_and_sweet_treats_served_on_elegant_plates_detai_wipmhlxle3o2jweryot3_2-12x12.png 12w\" sizes=\"(max-width: 800px) 100vw, 800px\" \/>\t\t\t\t\t\t\t\t\t\t\t\t\t\t\t<\/div>\n\t\t\t\t<div class=\"elementor-element elementor-element-430cea03 elementor-widget elementor-widget-heading\" data-id=\"430cea03\" data-element_type=\"widget\" data-e-type=\"widget\" data-widget_type=\"heading.default\">\n\t\t\t\t\t<h2 class=\"elementor-heading-title elementor-size-default\">\ud83c\udf6c Dulces y Postres Bolivianos<\/h2>\t\t\t\t<\/div>\n\t\t\t\t<div class=\"elementor-element elementor-element-61b600f4 elementor-widget elementor-widget-text-editor\" data-id=\"61b600f4\" data-element_type=\"widget\" data-e-type=\"widget\" data-widget_type=\"text-editor.default\">\n\t\t\t\t\t\t\t\t\t<p data-start=\"822\" data-end=\"964\">Postres t\u00edpicos que completan la experiencia con el sabor dulce y aut\u00e9ntico de Bolivia.<\/p>\t\t\t\t\t\t\t\t<\/div>\n\t\t\t\t<\/div>\n\t\t\t\t\t<\/div>\n\t\t\t\t<\/div>\n\t\t\t\t<\/div>","protected":false},"excerpt":{"rendered":"<p>Servicios Disfruta de los sabores aut\u00e9nticos de Bolivia \ud83e\udd5f Salte\u00f1as Bolivianas Deliciosas empanadillas t\u00edpicas de Bolivia, rellenas con ingredientes frescos y sabor aut\u00e9ntico. \ud83c\udf2e Variedad de Empanadas Diferentes tipos de empanadas bolivianas: carne, pollo, queso y combinaciones especiales, con masa crujiente y relleno jugoso. \ud83c\udf72 Platos Tradicionales Bolivianos Cl\u00e1sicos de la gastronom\u00eda boliviana, preparados con [&hellip;]<\/p>\n","protected":false},"author":1,"featured_media":0,"parent":0,"menu_order":0,"comment_status":"closed","ping_status":"closed","template":"","meta":{"footnotes":""},"class_list":["post-13","page","type-page","status-publish","hentry"],"yoast_head":"<!-- This site is optimized with the Yoast SEO plugin v27.3 - https:\/\/yoast.com\/product\/yoast-seo-wordpress\/ -->\n<title>Servicios - Panamericano<\/title>\n<meta name=\"robots\" content=\"index, follow, max-snippet:-1, max-image-preview:large, max-video-preview:-1\" \/>\n<link rel=\"canonical\" href=\"https:\/\/panamericanomurcia.com\/en\/servicios\/\" \/>\n<meta property=\"og:locale\" content=\"en_GB\" \/>\n<meta property=\"og:type\" content=\"article\" \/>\n<meta property=\"og:title\" content=\"Servicios - Panamericano\" \/>\n<meta property=\"og:description\" content=\"Servicios Disfruta de los sabores aut\u00e9nticos de Bolivia \ud83e\udd5f Salte\u00f1as Bolivianas Deliciosas empanadillas t\u00edpicas de Bolivia, rellenas con ingredientes frescos y sabor aut\u00e9ntico. \ud83c\udf2e Variedad de Empanadas Diferentes tipos de empanadas bolivianas: carne, pollo, queso y combinaciones especiales, con masa crujiente y relleno jugoso. \ud83c\udf72 Platos Tradicionales Bolivianos Cl\u00e1sicos de la gastronom\u00eda boliviana, preparados con [&hellip;]\" \/>\n<meta property=\"og:url\" content=\"https:\/\/panamericanomurcia.com\/en\/servicios\/\" \/>\n<meta property=\"og:site_name\" content=\"Panamericano\" \/>\n<meta property=\"article:modified_time\" content=\"2025-09-30T14:27:57+00:00\" \/>\n<meta property=\"og:image\" content=\"https:\/\/panamericanomurcia.com\/wp-content\/uploads\/2025\/09\/close-up_of_bolivian_salteas_golden_and_juicy_baked_empanadas_filled_with_meat_vegetables_and_a_ric_hc1zv7xwh666peol1aci_3.png\" \/>\n<meta name=\"twitter:card\" content=\"summary_large_image\" \/>\n<meta name=\"twitter:label1\" content=\"Estimated reading time\" \/>\n\t<meta name=\"twitter:data1\" content=\"1 minute\" \/>\n<script type=\"application\/ld+json\" class=\"yoast-schema-graph\">{\"@context\":\"https:\\\/\\\/schema.org\",\"@graph\":[{\"@type\":\"WebPage\",\"@id\":\"https:\\\/\\\/panamericanomurcia.com\\\/servicios\\\/\",\"url\":\"https:\\\/\\\/panamericanomurcia.com\\\/servicios\\\/\",\"name\":\"Servicios - Panamericano\",\"isPartOf\":{\"@id\":\"https:\\\/\\\/panamericanomurcia.com\\\/#website\"},\"primaryImageOfPage\":{\"@id\":\"https:\\\/\\\/panamericanomurcia.com\\\/servicios\\\/#primaryimage\"},\"image\":{\"@id\":\"https:\\\/\\\/panamericanomurcia.com\\\/servicios\\\/#primaryimage\"},\"thumbnailUrl\":\"https:\\\/\\\/panamericanomurcia.com\\\/wp-content\\\/uploads\\\/2025\\\/09\\\/close-up_of_bolivian_salteas_golden_and_juicy_baked_empanadas_filled_with_meat_vegetables_and_a_ric_hc1zv7xwh666peol1aci_3.png\",\"datePublished\":\"2025-09-29T13:45:23+00:00\",\"dateModified\":\"2025-09-30T14:27:57+00:00\",\"breadcrumb\":{\"@id\":\"https:\\\/\\\/panamericanomurcia.com\\\/servicios\\\/#breadcrumb\"},\"inLanguage\":\"en-GB\",\"potentialAction\":[{\"@type\":\"ReadAction\",\"target\":[\"https:\\\/\\\/panamericanomurcia.com\\\/servicios\\\/\"]}]},{\"@type\":\"ImageObject\",\"inLanguage\":\"en-GB\",\"@id\":\"https:\\\/\\\/panamericanomurcia.com\\\/servicios\\\/#primaryimage\",\"url\":\"https:\\\/\\\/panamericanomurcia.com\\\/wp-content\\\/uploads\\\/2025\\\/09\\\/close-up_of_bolivian_salteas_golden_and_juicy_baked_empanadas_filled_with_meat_vegetables_and_a_ric_hc1zv7xwh666peol1aci_3.png\",\"contentUrl\":\"https:\\\/\\\/panamericanomurcia.com\\\/wp-content\\\/uploads\\\/2025\\\/09\\\/close-up_of_bolivian_salteas_golden_and_juicy_baked_empanadas_filled_with_meat_vegetables_and_a_ric_hc1zv7xwh666peol1aci_3.png\"},{\"@type\":\"BreadcrumbList\",\"@id\":\"https:\\\/\\\/panamericanomurcia.com\\\/servicios\\\/#breadcrumb\",\"itemListElement\":[{\"@type\":\"ListItem\",\"position\":1,\"name\":\"Portada\",\"item\":\"https:\\\/\\\/panamericanomurcia.com\\\/\"},{\"@type\":\"ListItem\",\"position\":2,\"name\":\"Servicios\"}]},{\"@type\":\"WebSite\",\"@id\":\"https:\\\/\\\/panamericanomurcia.com\\\/#website\",\"url\":\"https:\\\/\\\/panamericanomurcia.com\\\/\",\"name\":\"Panamericano\",\"description\":\"\",\"publisher\":{\"@id\":\"https:\\\/\\\/panamericanomurcia.com\\\/#organization\"},\"potentialAction\":[{\"@type\":\"SearchAction\",\"target\":{\"@type\":\"EntryPoint\",\"urlTemplate\":\"https:\\\/\\\/panamericanomurcia.com\\\/?s={search_term_string}\"},\"query-input\":{\"@type\":\"PropertyValueSpecification\",\"valueRequired\":true,\"valueName\":\"search_term_string\"}}],\"inLanguage\":\"en-GB\"},{\"@type\":\"Organization\",\"@id\":\"https:\\\/\\\/panamericanomurcia.com\\\/#organization\",\"name\":\"Panamericano\",\"url\":\"https:\\\/\\\/panamericanomurcia.com\\\/\",\"logo\":{\"@type\":\"ImageObject\",\"inLanguage\":\"en-GB\",\"@id\":\"https:\\\/\\\/panamericanomurcia.com\\\/#\\\/schema\\\/logo\\\/image\\\/\",\"url\":\"https:\\\/\\\/panamericanomurcia.com\\\/wp-content\\\/uploads\\\/2025\\\/09\\\/cropped-panamericano-logo_Mesa-de-trabajo-1.png\",\"contentUrl\":\"https:\\\/\\\/panamericanomurcia.com\\\/wp-content\\\/uploads\\\/2025\\\/09\\\/cropped-panamericano-logo_Mesa-de-trabajo-1.png\",\"width\":1948,\"height\":463,\"caption\":\"Panamericano\"},\"image\":{\"@id\":\"https:\\\/\\\/panamericanomurcia.com\\\/#\\\/schema\\\/logo\\\/image\\\/\"}}]}<\/script>\n<!-- \/ Yoast SEO plugin. -->","yoast_head_json":{"title":"Servicios - Panamericano","robots":{"index":"index","follow":"follow","max-snippet":"max-snippet:-1","max-image-preview":"max-image-preview:large","max-video-preview":"max-video-preview:-1"},"canonical":"https:\/\/panamericanomurcia.com\/en\/servicios\/","og_locale":"en_GB","og_type":"article","og_title":"Servicios - Panamericano","og_description":"Servicios Disfruta de los sabores aut\u00e9nticos de Bolivia \ud83e\udd5f Salte\u00f1as Bolivianas Deliciosas empanadillas t\u00edpicas de Bolivia, rellenas con ingredientes frescos y sabor aut\u00e9ntico. \ud83c\udf2e Variedad de Empanadas Diferentes tipos de empanadas bolivianas: carne, pollo, queso y combinaciones especiales, con masa crujiente y relleno jugoso. \ud83c\udf72 Platos Tradicionales Bolivianos Cl\u00e1sicos de la gastronom\u00eda boliviana, preparados con [&hellip;]","og_url":"https:\/\/panamericanomurcia.com\/en\/servicios\/","og_site_name":"Panamericano","article_modified_time":"2025-09-30T14:27:57+00:00","og_image":[{"url":"https:\/\/panamericanomurcia.com\/wp-content\/uploads\/2025\/09\/close-up_of_bolivian_salteas_golden_and_juicy_baked_empanadas_filled_with_meat_vegetables_and_a_ric_hc1zv7xwh666peol1aci_3.png","type":"","width":"","height":""}],"twitter_card":"summary_large_image","twitter_misc":{"Estimated reading time":"1 minute"},"schema":{"@context":"https:\/\/schema.org","@graph":[{"@type":"WebPage","@id":"https:\/\/panamericanomurcia.com\/servicios\/","url":"https:\/\/panamericanomurcia.com\/servicios\/","name":"Servicios - Panamericano","isPartOf":{"@id":"https:\/\/panamericanomurcia.com\/#website"},"primaryImageOfPage":{"@id":"https:\/\/panamericanomurcia.com\/servicios\/#primaryimage"},"image":{"@id":"https:\/\/panamericanomurcia.com\/servicios\/#primaryimage"},"thumbnailUrl":"https:\/\/panamericanomurcia.com\/wp-content\/uploads\/2025\/09\/close-up_of_bolivian_salteas_golden_and_juicy_baked_empanadas_filled_with_meat_vegetables_and_a_ric_hc1zv7xwh666peol1aci_3.png","datePublished":"2025-09-29T13:45:23+00:00","dateModified":"2025-09-30T14:27:57+00:00","breadcrumb":{"@id":"https:\/\/panamericanomurcia.com\/servicios\/#breadcrumb"},"inLanguage":"en-GB","potentialAction":[{"@type":"ReadAction","target":["https:\/\/panamericanomurcia.com\/servicios\/"]}]},{"@type":"ImageObject","inLanguage":"en-GB","@id":"https:\/\/panamericanomurcia.com\/servicios\/#primaryimage","url":"https:\/\/panamericanomurcia.com\/wp-content\/uploads\/2025\/09\/close-up_of_bolivian_salteas_golden_and_juicy_baked_empanadas_filled_with_meat_vegetables_and_a_ric_hc1zv7xwh666peol1aci_3.png","contentUrl":"https:\/\/panamericanomurcia.com\/wp-content\/uploads\/2025\/09\/close-up_of_bolivian_salteas_golden_and_juicy_baked_empanadas_filled_with_meat_vegetables_and_a_ric_hc1zv7xwh666peol1aci_3.png"},{"@type":"BreadcrumbList","@id":"https:\/\/panamericanomurcia.com\/servicios\/#breadcrumb","itemListElement":[{"@type":"ListItem","position":1,"name":"Portada","item":"https:\/\/panamericanomurcia.com\/"},{"@type":"ListItem","position":2,"name":"Servicios"}]},{"@type":"WebSite","@id":"https:\/\/panamericanomurcia.com\/#website","url":"https:\/\/panamericanomurcia.com\/","name":"Panamericano","description":"","publisher":{"@id":"https:\/\/panamericanomurcia.com\/#organization"},"potentialAction":[{"@type":"SearchAction","target":{"@type":"EntryPoint","urlTemplate":"https:\/\/panamericanomurcia.com\/?s={search_term_string}"},"query-input":{"@type":"PropertyValueSpecification","valueRequired":true,"valueName":"search_term_string"}}],"inLanguage":"en-GB"},{"@type":"Organization","@id":"https:\/\/panamericanomurcia.com\/#organization","name":"Panamericano","url":"https:\/\/panamericanomurcia.com\/","logo":{"@type":"ImageObject","inLanguage":"en-GB","@id":"https:\/\/panamericanomurcia.com\/#\/schema\/logo\/image\/","url":"https:\/\/panamericanomurcia.com\/wp-content\/uploads\/2025\/09\/cropped-panamericano-logo_Mesa-de-trabajo-1.png","contentUrl":"https:\/\/panamericanomurcia.com\/wp-content\/uploads\/2025\/09\/cropped-panamericano-logo_Mesa-de-trabajo-1.png","width":1948,"height":463,"caption":"Panamericano"},"image":{"@id":"https:\/\/panamericanomurcia.com\/#\/schema\/logo\/image\/"}}]}},"_links":{"self":[{"href":"https:\/\/panamericanomurcia.com\/en\/wp-json\/wp\/v2\/pages\/13","targetHints":{"allow":["GET"]}}],"collection":[{"href":"https:\/\/panamericanomurcia.com\/en\/wp-json\/wp\/v2\/pages"}],"about":[{"href":"https:\/\/panamericanomurcia.com\/en\/wp-json\/wp\/v2\/types\/page"}],"author":[{"embeddable":true,"href":"https:\/\/panamericanomurcia.com\/en\/wp-json\/wp\/v2\/users\/1"}],"replies":[{"embeddable":true,"href":"https:\/\/panamericanomurcia.com\/en\/wp-json\/wp\/v2\/comments?post=13"}],"version-history":[{"count":16,"href":"https:\/\/panamericanomurcia.com\/en\/wp-json\/wp\/v2\/pages\/13\/revisions"}],"predecessor-version":[{"id":155,"href":"https:\/\/panamericanomurcia.com\/en\/wp-json\/wp\/v2\/pages\/13\/revisions\/155"}],"wp:attachment":[{"href":"https:\/\/panamericanomurcia.com\/en\/wp-json\/wp\/v2\/media?parent=13"}],"curies":[{"name":"wp","href":"https:\/\/api.w.org\/{rel}","templated":true}]}}