{"id":2,"date":"2025-09-29T13:30:30","date_gmt":"2025-09-29T13:30:30","guid":{"rendered":"https:\/\/panamericanomurcia.rkinformatika.online\/?page_id=2"},"modified":"2025-10-08T14:03:59","modified_gmt":"2025-10-08T14:03:59","slug":"inicio","status":"publish","type":"page","link":"https:\/\/panamericanomurcia.com\/en\/","title":{"rendered":"Home"},"content":{"rendered":"<div data-elementor-type=\"wp-page\" data-elementor-id=\"2\" class=\"elementor elementor-2\" data-elementor-post-type=\"page\">\n\t\t\t\t<div class=\"elementor-element elementor-element-46b9c156 e-con-full e-flex e-con e-parent\" data-id=\"46b9c156\" data-element_type=\"container\" data-e-type=\"container\" data-settings=\"{&quot;background_background&quot;:&quot;classic&quot;}\">\n\t\t\t\t<\/div>\n\t\t<div class=\"elementor-element elementor-element-7ed815a9 e-flex e-con-boxed e-con e-parent\" data-id=\"7ed815a9\" data-element_type=\"container\" data-e-type=\"container\">\n\t\t\t\t\t<div class=\"e-con-inner\">\n\t\t\t\t<div class=\"elementor-element elementor-element-36bb2c83 elementor-widget elementor-widget-heading\" data-id=\"36bb2c83\" data-element_type=\"widget\" data-e-type=\"widget\" data-widget_type=\"heading.default\">\n\t\t\t\t\t<h2 class=\"elementor-heading-title elementor-size-default\">About us<\/h2>\t\t\t\t<\/div>\n\t\t\t\t<div class=\"elementor-element elementor-element-69af8388 elementor-widget elementor-widget-heading\" data-id=\"69af8388\" data-element_type=\"widget\" data-e-type=\"widget\" data-widget_type=\"heading.default\">\n\t\t\t\t\t<h2 class=\"elementor-heading-title elementor-size-default\">Authentic Flavors of Bolivia with Tradition and Passion\n<\/h2>\t\t\t\t<\/div>\n\t\t\t\t<div class=\"elementor-element elementor-element-6ec7ba04 elementor-widget__width-initial elementor-widget elementor-widget-text-editor\" data-id=\"6ec7ba04\" data-element_type=\"widget\" data-e-type=\"widget\" data-widget_type=\"text-editor.default\">\n\t\t\t\t\t\t\t\t\t<p data-start=\"191\" data-end=\"419\">In our small Bolivian restaurant, every dish tells a story. With more than 5 years of experience, we are dedicated to bringing the authentic flavors of Bolivia to Murcia, prepared with care and tradition.<\/p><p data-start=\"421\" data-end=\"665\">From our freshly baked salte\u00f1as \ud83e\udd5f to the variety of empanadas \ud83c\udf2e and traditional Bolivian dishes \ud83c\udf72, every bite is crafted to make our customers feel the warmth and authenticity of our gastronomy.<\/p><p data-start=\"667\" data-end=\"952\">Our goal is not just to serve food, but to create special moments: a place where families, friends, and food lovers feel at home. Every dish we serve reflects our passion for Bolivian cuisine and our commitment to quality and flavor.<\/p><p data-start=\"954\" data-end=\"1176\">Come visit us at C. T\u00edo Viruta, 1, 30820 Alcantarilla, Murcia, and let yourself be captivated by the aromas, colors, and flavors that only authentic Bolivian cuisine can offer. We look forward to welcoming you with open arms!<\/p>\t\t\t\t\t\t\t\t<\/div>\n\t\t\t\t\t<\/div>\n\t\t\t\t<\/div>\n\t\t\t\t<\/div>","protected":false},"excerpt":{"rendered":"<p>Sobre nosotros \u00abAut\u00e9nticos Sabores de Bolivia con Tradici\u00f3n y Pasi\u00f3n\u00bb En nuestro peque\u00f1o restaurante de comida boliviana, cada plato cuenta una historia. Con m\u00e1s de 5 a\u00f1os de experiencia, nos dedicamos a traer a Murcia los sabores aut\u00e9nticos de Bolivia, preparados con cari\u00f1o y tradici\u00f3n. Desde nuestras salte\u00f1as reci\u00e9n horneadas \ud83e\udd5f, hasta la variedad de [&hellip;]<\/p>\n","protected":false},"author":1,"featured_media":0,"parent":0,"menu_order":0,"comment_status":"closed","ping_status":"closed","template":"","meta":{"footnotes":""},"class_list":["post-2","page","type-page","status-publish","hentry"],"yoast_head":"<!-- This site is optimized with the Yoast SEO plugin v27.3 - https:\/\/yoast.com\/product\/yoast-seo-wordpress\/ -->\n<title>Inicio - Panamericano<\/title>\n<meta name=\"robots\" content=\"index, follow, max-snippet:-1, max-image-preview:large, max-video-preview:-1\" \/>\n<link rel=\"canonical\" href=\"https:\/\/panamericanomurcia.com\/en\/\" \/>\n<meta property=\"og:locale\" content=\"en_GB\" \/>\n<meta property=\"og:type\" content=\"article\" \/>\n<meta property=\"og:title\" content=\"Inicio - Panamericano\" \/>\n<meta property=\"og:description\" content=\"Sobre nosotros \u00abAut\u00e9nticos Sabores de Bolivia con Tradici\u00f3n y Pasi\u00f3n\u00bb En nuestro peque\u00f1o restaurante de comida boliviana, cada plato cuenta una historia. Con m\u00e1s de 5 a\u00f1os de experiencia, nos dedicamos a traer a Murcia los sabores aut\u00e9nticos de Bolivia, preparados con cari\u00f1o y tradici\u00f3n. Desde nuestras salte\u00f1as reci\u00e9n horneadas \ud83e\udd5f, hasta la variedad de [&hellip;]\" \/>\n<meta property=\"og:url\" content=\"https:\/\/panamericanomurcia.com\/en\/\" \/>\n<meta property=\"og:site_name\" content=\"Panamericano\" \/>\n<meta property=\"article:modified_time\" content=\"2025-10-08T14:03:59+00:00\" \/>\n<meta name=\"twitter:card\" content=\"summary_large_image\" \/>\n<meta name=\"twitter:label1\" content=\"Estimated reading time\" \/>\n\t<meta name=\"twitter:data1\" content=\"1 minute\" \/>\n<script type=\"application\/ld+json\" class=\"yoast-schema-graph\">{\"@context\":\"https:\\\/\\\/schema.org\",\"@graph\":[{\"@type\":\"WebPage\",\"@id\":\"https:\\\/\\\/panamericanomurcia.com\\\/\",\"url\":\"https:\\\/\\\/panamericanomurcia.com\\\/\",\"name\":\"Inicio - Panamericano\",\"isPartOf\":{\"@id\":\"https:\\\/\\\/panamericanomurcia.com\\\/#website\"},\"datePublished\":\"2025-09-29T13:30:30+00:00\",\"dateModified\":\"2025-10-08T14:03:59+00:00\",\"breadcrumb\":{\"@id\":\"https:\\\/\\\/panamericanomurcia.com\\\/#breadcrumb\"},\"inLanguage\":\"en-GB\",\"potentialAction\":[{\"@type\":\"ReadAction\",\"target\":[\"https:\\\/\\\/panamericanomurcia.com\\\/\"]}]},{\"@type\":\"BreadcrumbList\",\"@id\":\"https:\\\/\\\/panamericanomurcia.com\\\/#breadcrumb\",\"itemListElement\":[{\"@type\":\"ListItem\",\"position\":1,\"name\":\"Portada\",\"item\":\"https:\\\/\\\/panamericanomurcia.com\\\/\"},{\"@type\":\"ListItem\",\"position\":2,\"name\":\"Inicio\"}]},{\"@type\":\"WebSite\",\"@id\":\"https:\\\/\\\/panamericanomurcia.com\\\/#website\",\"url\":\"https:\\\/\\\/panamericanomurcia.com\\\/\",\"name\":\"Panamericano\",\"description\":\"\",\"publisher\":{\"@id\":\"https:\\\/\\\/panamericanomurcia.com\\\/#organization\"},\"potentialAction\":[{\"@type\":\"SearchAction\",\"target\":{\"@type\":\"EntryPoint\",\"urlTemplate\":\"https:\\\/\\\/panamericanomurcia.com\\\/?s={search_term_string}\"},\"query-input\":{\"@type\":\"PropertyValueSpecification\",\"valueRequired\":true,\"valueName\":\"search_term_string\"}}],\"inLanguage\":\"en-GB\"},{\"@type\":\"Organization\",\"@id\":\"https:\\\/\\\/panamericanomurcia.com\\\/#organization\",\"name\":\"Panamericano\",\"url\":\"https:\\\/\\\/panamericanomurcia.com\\\/\",\"logo\":{\"@type\":\"ImageObject\",\"inLanguage\":\"en-GB\",\"@id\":\"https:\\\/\\\/panamericanomurcia.com\\\/#\\\/schema\\\/logo\\\/image\\\/\",\"url\":\"https:\\\/\\\/panamericanomurcia.com\\\/wp-content\\\/uploads\\\/2025\\\/09\\\/cropped-panamericano-logo_Mesa-de-trabajo-1.png\",\"contentUrl\":\"https:\\\/\\\/panamericanomurcia.com\\\/wp-content\\\/uploads\\\/2025\\\/09\\\/cropped-panamericano-logo_Mesa-de-trabajo-1.png\",\"width\":1948,\"height\":463,\"caption\":\"Panamericano\"},\"image\":{\"@id\":\"https:\\\/\\\/panamericanomurcia.com\\\/#\\\/schema\\\/logo\\\/image\\\/\"}}]}<\/script>\n<!-- \/ Yoast SEO plugin. -->","yoast_head_json":{"title":"Inicio - Panamericano","robots":{"index":"index","follow":"follow","max-snippet":"max-snippet:-1","max-image-preview":"max-image-preview:large","max-video-preview":"max-video-preview:-1"},"canonical":"https:\/\/panamericanomurcia.com\/en\/","og_locale":"en_GB","og_type":"article","og_title":"Inicio - Panamericano","og_description":"Sobre nosotros \u00abAut\u00e9nticos Sabores de Bolivia con Tradici\u00f3n y Pasi\u00f3n\u00bb En nuestro peque\u00f1o restaurante de comida boliviana, cada plato cuenta una historia. Con m\u00e1s de 5 a\u00f1os de experiencia, nos dedicamos a traer a Murcia los sabores aut\u00e9nticos de Bolivia, preparados con cari\u00f1o y tradici\u00f3n. Desde nuestras salte\u00f1as reci\u00e9n horneadas \ud83e\udd5f, hasta la variedad de [&hellip;]","og_url":"https:\/\/panamericanomurcia.com\/en\/","og_site_name":"Panamericano","article_modified_time":"2025-10-08T14:03:59+00:00","twitter_card":"summary_large_image","twitter_misc":{"Estimated reading time":"1 minute"},"schema":{"@context":"https:\/\/schema.org","@graph":[{"@type":"WebPage","@id":"https:\/\/panamericanomurcia.com\/","url":"https:\/\/panamericanomurcia.com\/","name":"Inicio - Panamericano","isPartOf":{"@id":"https:\/\/panamericanomurcia.com\/#website"},"datePublished":"2025-09-29T13:30:30+00:00","dateModified":"2025-10-08T14:03:59+00:00","breadcrumb":{"@id":"https:\/\/panamericanomurcia.com\/#breadcrumb"},"inLanguage":"en-GB","potentialAction":[{"@type":"ReadAction","target":["https:\/\/panamericanomurcia.com\/"]}]},{"@type":"BreadcrumbList","@id":"https:\/\/panamericanomurcia.com\/#breadcrumb","itemListElement":[{"@type":"ListItem","position":1,"name":"Portada","item":"https:\/\/panamericanomurcia.com\/"},{"@type":"ListItem","position":2,"name":"Inicio"}]},{"@type":"WebSite","@id":"https:\/\/panamericanomurcia.com\/#website","url":"https:\/\/panamericanomurcia.com\/","name":"Panamericano","description":"","publisher":{"@id":"https:\/\/panamericanomurcia.com\/#organization"},"potentialAction":[{"@type":"SearchAction","target":{"@type":"EntryPoint","urlTemplate":"https:\/\/panamericanomurcia.com\/?s={search_term_string}"},"query-input":{"@type":"PropertyValueSpecification","valueRequired":true,"valueName":"search_term_string"}}],"inLanguage":"en-GB"},{"@type":"Organization","@id":"https:\/\/panamericanomurcia.com\/#organization","name":"Panamericano","url":"https:\/\/panamericanomurcia.com\/","logo":{"@type":"ImageObject","inLanguage":"en-GB","@id":"https:\/\/panamericanomurcia.com\/#\/schema\/logo\/image\/","url":"https:\/\/panamericanomurcia.com\/wp-content\/uploads\/2025\/09\/cropped-panamericano-logo_Mesa-de-trabajo-1.png","contentUrl":"https:\/\/panamericanomurcia.com\/wp-content\/uploads\/2025\/09\/cropped-panamericano-logo_Mesa-de-trabajo-1.png","width":1948,"height":463,"caption":"Panamericano"},"image":{"@id":"https:\/\/panamericanomurcia.com\/#\/schema\/logo\/image\/"}}]}},"_links":{"self":[{"href":"https:\/\/panamericanomurcia.com\/en\/wp-json\/wp\/v2\/pages\/2","targetHints":{"allow":["GET"]}}],"collection":[{"href":"https:\/\/panamericanomurcia.com\/en\/wp-json\/wp\/v2\/pages"}],"about":[{"href":"https:\/\/panamericanomurcia.com\/en\/wp-json\/wp\/v2\/types\/page"}],"author":[{"embeddable":true,"href":"https:\/\/panamericanomurcia.com\/en\/wp-json\/wp\/v2\/users\/1"}],"replies":[{"embeddable":true,"href":"https:\/\/panamericanomurcia.com\/en\/wp-json\/wp\/v2\/comments?post=2"}],"version-history":[{"count":19,"href":"https:\/\/panamericanomurcia.com\/en\/wp-json\/wp\/v2\/pages\/2\/revisions"}],"predecessor-version":[{"id":216,"href":"https:\/\/panamericanomurcia.com\/en\/wp-json\/wp\/v2\/pages\/2\/revisions\/216"}],"wp:attachment":[{"href":"https:\/\/panamericanomurcia.com\/en\/wp-json\/wp\/v2\/media?parent=2"}],"curies":[{"name":"wp","href":"https:\/\/api.w.org\/{rel}","templated":true}]}}